{"id":1827,"date":"2024-09-03T12:01:04","date_gmt":"2024-09-03T10:01:04","guid":{"rendered":"https:\/\/raphael.belloeil.com\/?page_id=1827"},"modified":"2024-10-06T20:59:48","modified_gmt":"2024-10-06T18:59:48","slug":"1827-2","status":"publish","type":"page","link":"https:\/\/raphael.belloeil.com\/","title":{"rendered":"Page accueil Altercom"},"content":{"rendered":"<div class=\"wp-block-image\">\n<figure class=\"aligncenter size-full is-resized\"><img loading=\"lazy\" decoding=\"async\" width=\"3997\" height=\"2268\" src=\"https:\/\/raphael.belloeil.com\/wp-content\/uploads\/2024\/09\/cropped-logo-png1-3.png\" alt=\"\" class=\"wp-image-2170\" style=\"width:305px;height:auto\" srcset=\"https:\/\/raphael.belloeil.com\/wp-content\/uploads\/2024\/09\/cropped-logo-png1-3.png 3997w, https:\/\/raphael.belloeil.com\/wp-content\/uploads\/2024\/09\/cropped-logo-png1-3-300x170.png 300w, https:\/\/raphael.belloeil.com\/wp-content\/uploads\/2024\/09\/cropped-logo-png1-3-1024x581.png 1024w, https:\/\/raphael.belloeil.com\/wp-content\/uploads\/2024\/09\/cropped-logo-png1-3-768x436.png 768w, https:\/\/raphael.belloeil.com\/wp-content\/uploads\/2024\/09\/cropped-logo-png1-3-1536x872.png 1536w, https:\/\/raphael.belloeil.com\/wp-content\/uploads\/2024\/09\/cropped-logo-png1-3-2048x1162.png 2048w\" sizes=\"auto, (max-width: 3997px) 100vw, 3997px\" \/><figcaption class=\"wp-element-caption\">Association de copropri\u00e9taires<br>La Dame Blanche &#8211; Puy Saint Vincent<\/figcaption><\/figure>\n<\/div>\n\n\n<div class=\"wp-block-buttons is-content-justification-center is-layout-flex wp-container-core-buttons-is-layout-fe48e5de wp-block-buttons-is-layout-flex\">\n<div class=\"wp-block-button\"><a class=\"wp-block-button__link has-background wp-element-button\" href=\"https:\/\/raphael.belloeil.com\/wp-login.php\" style=\"border-radius:21px;background-color:#0093fe\"><strong>D\u00e9j\u00e0 inscrit, se connecter<\/strong><\/a><\/div>\n\n\n\n<div class=\"wp-block-button\"><a class=\"wp-block-button__link has-background has-text-align-center wp-element-button\" href=\"mailto:raphael@belloeil.com?subject=Nouvelle%20inscription&#038;body=Bonjour,%0D%0A%0D%0DJe%20souhaite%20m'inscrire%20sur%20votre%20site.%20Je%20vous%20indique%20ci-dessous%20mon%20nom%20et%20num\u00e9ro%20d'appartement.\" style=\"border-radius:21px;background-color:#0093fe\">   <strong>Nouvelle  inscription<\/strong><\/a><\/div>\n<\/div>\n\n\n\n<p class=\"has-text-align-center wp-block-paragraph\" style=\"margin-top:0;margin-right:0px;margin-bottom:0;margin-left:0px;font-size:14px\">Pour une demande de nouvelle inscription vous devez justifier de la qualit\u00e9 de copropri\u00e9taire \u00e0 La R\u00e9sidence La Dame Blanche<\/p>\n\n\n\n<div class=\"wp-block-buttons is-content-justification-center is-layout-flex wp-container-core-buttons-is-layout-fe48e5de wp-block-buttons-is-layout-flex\"><\/div>\n\n\n\n<p class=\"wp-block-paragraph\"><\/p>\n","protected":false},"excerpt":{"rendered":"<p>Pour une demande de nouvelle inscription vous devez justifier de la qualit\u00e9 de copropri\u00e9taire \u00e0 La R\u00e9sidence La Dame Blanche<\/p>\n","protected":false},"author":1,"featured_media":0,"parent":0,"menu_order":0,"comment_status":"closed","ping_status":"closed","template":"","meta":{"_crdt_document":"","_kad_post_transparent":"disable","_kad_post_title":"hide","_kad_post_layout":"","_kad_post_sidebar_id":"","_kad_post_content_style":"","_kad_post_vertical_padding":"","_kad_post_feature":"","_kad_post_feature_position":"","_kad_post_header":true,"_kad_post_footer":false,"_kad_post_classname":"","footnotes":""},"class_list":["post-1827","page","type-page","status-publish","hentry"],"_links":{"self":[{"href":"https:\/\/raphael.belloeil.com\/index.php?rest_route=\/wp\/v2\/pages\/1827","targetHints":{"allow":["GET"]}}],"collection":[{"href":"https:\/\/raphael.belloeil.com\/index.php?rest_route=\/wp\/v2\/pages"}],"about":[{"href":"https:\/\/raphael.belloeil.com\/index.php?rest_route=\/wp\/v2\/types\/page"}],"author":[{"embeddable":true,"href":"https:\/\/raphael.belloeil.com\/index.php?rest_route=\/wp\/v2\/users\/1"}],"replies":[{"embeddable":true,"href":"https:\/\/raphael.belloeil.com\/index.php?rest_route=%2Fwp%2Fv2%2Fcomments&post=1827"}],"version-history":[{"count":60,"href":"https:\/\/raphael.belloeil.com\/index.php?rest_route=\/wp\/v2\/pages\/1827\/revisions"}],"predecessor-version":[{"id":2320,"href":"https:\/\/raphael.belloeil.com\/index.php?rest_route=\/wp\/v2\/pages\/1827\/revisions\/2320"}],"wp:attachment":[{"href":"https:\/\/raphael.belloeil.com\/index.php?rest_route=%2Fwp%2Fv2%2Fmedia&parent=1827"}],"curies":[{"name":"wp","href":"https:\/\/api.w.org\/{rel}","templated":true}]}}